{"id":10039,"date":"2017-11-14T17:47:28","date_gmt":"2017-11-14T20:47:28","guid":{"rendered":"http:\/\/dytsa.com.ar\/?page_id=10039"},"modified":"2017-12-19T22:34:33","modified_gmt":"2017-12-20T01:34:33","slug":"incoterms","status":"publish","type":"page","link":"http:\/\/dytsa.com.ar\/?page_id=10039","title":{"rendered":"Incoterms"},"content":{"rendered":"<p>[vc_row][vc_column][vc_column_text]<\/p>\n<h1 class=\"respo-tagline\" style=\"text-align: center;\"><strong><span style=\"color: #b79cad;\">INCOTERMS<\/span><\/strong><\/h1>\n<p>[\/vc_column_text]<hr class=\"vertical-space1\">[vc_row_inner][vc_column_inner width=&#8221;1\/4&#8243;]<article class=\"icon-box24\" ><a href=\"#grupoe\"><i class=\"fa-calendar-check-o\" style=\"\"><\/i><\/a><h4>GRUPO E<\/h4><p><strong>Entrega directa a la salida<\/strong><\/p><a class=\"magicmore\" href=\"#grupoe\">Leer m\u00e1s<\/a><\/article>[\/vc_column_inner][vc_column_inner width=&#8221;1\/4&#8243;]<article class=\"icon-box24\" ><a href=\"#grupof\"><i class=\"fa-calendar-check-o\" style=\"\"><\/i><\/a><h4>GRUPO F<\/h4><p><strong>Entrega indirecta, sin pago del transporte principal<\/strong><\/p><a class=\"magicmore\" href=\"#grupof\">Leer m\u00e1s<\/a><\/article>[\/vc_column_inner][vc_column_inner width=&#8221;1\/4&#8243;]<article class=\"icon-box24\" ><a href=\"#grupoc\"><i class=\"fa-calendar-check-o\" style=\"\"><\/i><\/a><h4>GRUPO C<\/h4><p><strong>Entrega indirecta, con pago del transporte principal<\/strong><\/p><a class=\"magicmore\" href=\"#grupoc\">Leer m\u00e1s<\/a><\/article>[\/vc_column_inner][vc_column_inner width=&#8221;1\/4&#8243;]<article class=\"icon-box24\" ><a href=\"#grupod\"><i class=\"fa-calendar-check-o\" style=\"\"><\/i><\/a><h4>GRUPO D<\/h4><p><strong>Entrega directa en la llegada<\/strong><\/p><a class=\"magicmore\" href=\"#grupod\">Leer m\u00e1s<\/a><\/article>[\/vc_column_inner][\/vc_row_inner]<hr class=\"vertical-space3\">[\/vc_column][\/vc_row][vc_row row_type=&#8221;2&#8243; row_id=&#8221;grupoe&#8221; blox_bgcolor=&#8221;#f1f8fc&#8221;][vc_column]<hr class=\"vertical-space4\">[vc_column_text]<\/p>\n<h1 class=\"respo-tagline\" style=\"text-align: center;\">GRUPO<strong> <span style=\"color: #b79cad;\">E<\/span><\/strong><\/h1>\n<p style=\"text-align: center;\"><span style=\"color: #000000;\"><span lang=\"es-AR\"><b>Entrega directa a la salida<\/b><\/span><\/span><\/p>\n<p>[\/vc_column_text]<hr class=\"vertical-space1\">[vc_row_inner][vc_column_inner width=&#8221;1\/4&#8243;][\/vc_column_inner][vc_column_inner width=&#8221;1\/2&#8243;][vc_column_text]<span style=\"color: #222222;\"><span lang=\"es-AR\"><strong>EXW.<\/strong><b>\u00a0<\/b><\/span><\/span><span style=\"color: #222222;\"><span lang=\"es-AR\">Ex Works significa \u201cen f\u00e1brica (lugar convenido)\u201d. El vendedor pone mercanc\u00eda a disposici\u00f3n del comprador en sus propias instalaciones: f\u00e1brica, almac\u00e9n, etc. Todos los gastos a partir de ese momento son por cuenta del comprador. <\/span><\/span><\/p>\n<p><span style=\"color: #222222;\"><span lang=\"es-AR\">El Incoterm EXW se puede utilizar con cualquier tipo de transporte o con una combinaci\u00f3n de ellos (conocido como transporte multimodal). Es decir el proveedor se encarga de la log\u00edstica y el traslado necesario para que el comprador tenga el suministro del producto en el mismo lugar donde desempe\u00f1a la tarea productiva. Este Incoterm no sufri\u00f3 modificaci\u00f3n en relaci\u00f3n a los Incoterms a\u00f1o 2000.<\/span><\/span>[\/vc_column_text][\/vc_column_inner][vc_column_inner width=&#8221;1\/4&#8243;][\/vc_column_inner][\/vc_row_inner]<hr class=\"vertical-space4\">[\/vc_column][\/vc_row][vc_row row_type=&#8221;2&#8243; row_id=&#8221;grupof&#8221; blox_bgcolor=&#8221;#ffffff&#8221;][vc_column]<hr class=\"vertical-space4\">[vc_column_text]<\/p>\n<h1 class=\"respo-tagline\" style=\"text-align: center;\">GRUPO<strong> <span style=\"color: #b79cad;\">F<\/span><\/strong><\/h1>\n<p style=\"text-align: center;\"><span style=\"color: #000000;\"><span lang=\"es-AR\"><b>Entrega indirecta, sin pago del transporte principal<\/b><\/span><\/span><\/p>\n<p>[\/vc_column_text]<hr class=\"vertical-space1\">[vc_tta_tabs style=&#8221;modern&#8221; color=&#8221;white&#8221; spacing=&#8221;35&#8243; gap=&#8221;35&#8243; alignment=&#8221;center&#8221; active_section=&#8221;1&#8243; no_fill_content_area=&#8221;true&#8221;][vc_tta_section title=&#8221;<strong>FAS<\/strong>&#8221; tab_id=&#8221;1510692646454-0cb7b37c-0d14&#8243;]<hr class=\"vertical-space1\">[vc_row_inner][vc_column_inner width=&#8221;1\/4&#8243;][\/vc_column_inner][vc_column_inner width=&#8221;1\/2&#8243;][vc_column_text]<span style=\"color: #222222;\"><span lang=\"es-AR\"><strong>FAS<\/strong>. Free Alongside Ship (named loading port) significa \u201cLibre al costado del buque (puerto de carga convenido)\u201d.<\/span><\/span><\/p>\n<p><span style=\"color: #222222;\"><span lang=\"es-AR\">El vendedor entrega la mercanc\u00eda en el muelle pactado del\u00a0<\/span><\/span><span lang=\"es-AR\">puerto\u00a0<\/span><span style=\"color: #222222;\"><span lang=\"es-AR\">de carga convenido; esto es, al lado del barco. El Incoterm FAS es propio de mercanc\u00edas de\u00a0<\/span><\/span><span lang=\"es-AR\">carga a granel\u00a0<\/span><span style=\"color: #222222;\"><span lang=\"es-AR\">o de carga voluminosa porque se depositan en terminales del puerto especializadas, que est\u00e1n situadas en el muelle.<\/span><\/span><\/p>\n<p><span style=\"color: #222222;\"><span lang=\"es-AR\">El vendedor es responsable de las gestiones y costes de la aduana de exportaci\u00f3n (en las versiones anteriores a Incoterms 2000, el comprador organizaba el despacho aduanero de exportaci\u00f3n).<\/span><\/span>[\/vc_column_text][\/vc_column_inner][vc_column_inner width=&#8221;1\/4&#8243;][\/vc_column_inner][\/vc_row_inner][\/vc_tta_section][vc_tta_section title=&#8221;<strong>FOB<\/strong>&#8221; tab_id=&#8221;1510693027661-f0ed12fd-e3aa&#8221;]<hr class=\"vertical-space1\">[vc_row_inner][vc_column_inner width=&#8221;1\/4&#8243;][\/vc_column_inner][vc_column_inner width=&#8221;1\/2&#8243;][vc_column_text]<span style=\"color: #222222;\"><span lang=\"es-AR\"><strong>FOB.<\/strong> Free On Board (named loading port)\u00a0significa<\/span><\/span><i> <\/i><span style=\"color: #222222;\"><span lang=\"es-AR\">\u201cLibre a bordo (puerto de carga convenido)\u201d<\/span><\/span><\/p>\n<p><span style=\"color: #222222;\"><span lang=\"es-AR\">El vendedor entrega la mercanc\u00eda sobre el buque. El comprador se hace cargo de designar y reservar el transporte principal (buque). El Incoterm FOB es uno de los m\u00e1s usados en el\u00a0<\/span><\/span><span lang=\"es-AR\">comercio internacional<\/span><span style=\"color: #222222;\"><span lang=\"es-AR\">. Se debe utilizar para carga general (bidones, bobinas, contenedores, etc.) de mercanc\u00edas, no utilizable para granel. <\/span><\/span><\/p>\n<p><span style=\"color: #222222;\"><span lang=\"es-AR\">El Incoterm FOB se utiliza exclusivamente para transporte en barco, ya sea\u00a0<\/span><\/span><span lang=\"es-AR\">mar\u00edtimo\u00a0o\u00a0fluvial<\/span><span style=\"color: #222222;\"><span lang=\"es-AR\">.<\/span><\/span>[\/vc_column_text][\/vc_column_inner][vc_column_inner width=&#8221;1\/4&#8243;][\/vc_column_inner][\/vc_row_inner][\/vc_tta_section][vc_tta_section title=&#8221;<strong>FCA<\/strong>&#8221; tab_id=&#8221;1510693061735-14891453-b52e&#8221;]<hr class=\"vertical-space1\">[vc_row_inner][vc_column_inner width=&#8221;1\/4&#8243;][\/vc_column_inner][vc_column_inner width=&#8221;1\/2&#8243;][vc_column_text]<strong>FCA.<\/strong> Free Carrier (named place) significa \u201cLibre transportista (lugar convenido)\u201d.<\/p>\n<p>El vendedor se compromete a entregar la mercanc\u00eda en un punto acordado dentro del pa\u00eds de origen, que pueden ser los locales de un\u00a0transitario, una\u00a0estaci\u00f3n ferroviaria&#8230; (este lugar convenido para entregar la mercanc\u00eda suele estar relacionado con los espacios del transportista). Se hace cargo de los costes hasta que la mercanc\u00eda est\u00e1 situada en ese punto convenido.<\/p>\n<p>El Incoterm FCA se puede utilizar con cualquier tipo de transporte: transporte a\u00e9reo, ferroviario, por carretera y en\u00a0contenedores\/transporte multimodal. Sin embargo, es un Incoterm poco usado.[\/vc_column_text][\/vc_column_inner][vc_column_inner width=&#8221;1\/4&#8243;][\/vc_column_inner][\/vc_row_inner][\/vc_tta_section][\/vc_tta_tabs]<hr class=\"vertical-space1\">[\/vc_column][\/vc_row][vc_row row_type=&#8221;2&#8243; row_id=&#8221;grupoc&#8221; blox_bgcolor=&#8221;#f1f8fc&#8221;][vc_column]<hr class=\"vertical-space4\">[vc_column_text]<\/p>\n<h1 class=\"respo-tagline\" style=\"text-align: center;\">GRUPO<strong> <span style=\"color: #b79cad;\">C<\/span><\/strong><\/h1>\n<p style=\"text-align: center;\"><span style=\"color: #000000;\"><span lang=\"es-AR\"><b>Entrega indirecta, con pago del transporte principal<\/b><\/span><\/span><\/p>\n<p>[\/vc_column_text]<hr class=\"vertical-space1\">[vc_tta_tabs style=&#8221;modern&#8221; color=&#8221;white&#8221; spacing=&#8221;35&#8243; gap=&#8221;35&#8243; alignment=&#8221;center&#8221; active_section=&#8221;1&#8243; no_fill_content_area=&#8221;true&#8221;][vc_tta_section title=&#8221;<strong>CFR<\/strong>&#8221; tab_id=&#8221;1510693152742-2863a5c6-aaf3&#8243;]<hr class=\"vertical-space1\">[vc_row_inner][vc_column_inner width=&#8221;1\/4&#8243;][\/vc_column_inner][vc_column_inner width=&#8221;1\/2&#8243;][vc_column_text]<span style=\"color: #222222;\"><span lang=\"es-AR\"><strong>CFR.<\/strong> Cost and Freight (named destination port) significa &#8216;coste y flete (puerto de destino convenido)&#8217;.<br \/>\nEl vendedor se hace cargo de todos los costes, incluido el transporte principal, hasta que la mercanc\u00eda llegue al puerto de destino. Sin embargo, el riesgo se trans\uf001ere al comprador en el momento que la mercanc\u00eda se encuentra cargada en el buque, en el pa\u00eds de origen. Se debe utilizar para carga general, que se transporta en contenedores; NO es apropiado para los graneles. El incoterm CFR s\u00f3lo se utiliza para transporte en barco, ya sea mar\u00edtimo o fluvial.<\/span><\/span>[\/vc_column_text][\/vc_column_inner][vc_column_inner width=&#8221;1\/4&#8243;][\/vc_column_inner][\/vc_row_inner][\/vc_tta_section][vc_tta_section title=&#8221;<strong>CIF<\/strong>&#8221; tab_id=&#8221;1510693153202-412bf6de-4ad6&#8243;]<hr class=\"vertical-space1\">[vc_row_inner][vc_column_inner width=&#8221;1\/4&#8243;][\/vc_column_inner][vc_column_inner width=&#8221;1\/2&#8243;][vc_column_text]<strong><span style=\"color: #222222;\"><span lang=\"es-AR\">CIF.\u00a0<\/span><\/span><\/strong><span style=\"color: #222222;\"><span lang=\"es-AR\">Cost, Insurance and Freight (named destination port)<\/span><\/span><span style=\"color: #222222;\"><span lang=\"es-AR\">\u00a0significa \u201ccoste, seguro y flete (puerto de destino convenido)\u201d.<\/span><\/span><\/p>\n<p><span style=\"color: #222222;\"><span lang=\"es-AR\">El vendedor se hace cargo de todos los costes, incluidos el transporte principal y el seguro, hasta que la mercanc\u00eda llegue al puerto de destino. Aunque el seguro lo ha contratado el vendedor, el beneficiario del seguro es el comprador.<\/span><\/span><\/p>\n<p><span style=\"color: #222222;\"><span lang=\"es-AR\">Como en el Incoterm anterior,\u00a0<\/span><\/span><span lang=\"es-AR\">CFR<\/span><span style=\"color: #222222;\"><span lang=\"es-AR\">, el riesgo se transfiere al comprador en el momento que la mercanc\u00eda se encuentra cargada en el buque, en el pa\u00eds de origen. El Incoterm CIF es uno de los m\u00e1s usados en el comercio internacional porque las condiciones de un precio CIF son las que marcan el valor en\u00a0<\/span><\/span><span lang=\"es-AR\">aduana\u00a0<\/span><span style=\"color: #222222;\"><span lang=\"es-AR\">de un producto que se importa.\u00a0Se debe utilizar para carga general o convencional.<\/span><\/span><\/p>\n<p><span style=\"color: #222222;\"><span lang=\"es-AR\">El Incoterm CIF es exclusivo del medio mar\u00edtimo.<\/span><\/span>[\/vc_column_text][\/vc_column_inner][vc_column_inner width=&#8221;1\/4&#8243;][\/vc_column_inner][\/vc_row_inner][\/vc_tta_section][vc_tta_section title=&#8221;<strong>CPT<\/strong>&#8221; tab_id=&#8221;1510693153680-4fb2fc52-2f4b&#8221;]<hr class=\"vertical-space1\">[vc_row_inner][vc_column_inner width=&#8221;1\/4&#8243;][\/vc_column_inner][vc_column_inner width=&#8221;1\/2&#8243;][vc_column_text]<strong>CPT.<\/strong><span style=\"color: #222222;\"><span lang=\"es-AR\">Carriage and Insurance Paid (To) (named place of destination)<\/span><\/span><span style=\"color: #222222;\"><span lang=\"es-AR\">\u00a0significa \u201ctransporte y seguro pagados hasta (lugar de destino convenido)\u201d.<\/span><\/span><\/p>\n<p><span style=\"color: #222222;\"><span lang=\"es-AR\">El vendedor se hace cargo de todos los costes, incluidos el transporte principal y el seguro, hasta que la mercanc\u00eda llegue al punto convenido en el pa\u00eds de destino. Aunque el seguro lo ha contratado el vendedor, el beneficiario del seguro es el comprador.<\/span><\/span><\/p>\n<p><span style=\"color: #222222;\"><span lang=\"es-AR\">El Incoterm CIP se puede utilizar con cualquier modo de transporte o con una combinaci\u00f3n de ellos (transporte multimodal) .<\/span><\/span>[\/vc_column_text][\/vc_column_inner][vc_column_inner width=&#8221;1\/4&#8243;][\/vc_column_inner][\/vc_row_inner][\/vc_tta_section][\/vc_tta_tabs]<hr class=\"vertical-space1\">[\/vc_column][\/vc_row][vc_row row_type=&#8221;2&#8243; row_id=&#8221;grupod&#8221; blox_bgcolor=&#8221;#ffffff&#8221;][vc_column]<hr class=\"vertical-space4\">[vc_column_text]<\/p>\n<h1 class=\"respo-tagline\" style=\"text-align: center;\">GRUPO<strong> <span style=\"color: #b79cad;\">D<\/span><\/strong><\/h1>\n<p style=\"text-align: center;\"><span style=\"color: #000000;\"><span lang=\"es-AR\"><b>Entrega directa en la llegada<\/b><\/span><\/span><\/p>\n<p>[\/vc_column_text]<hr class=\"vertical-space1\">[vc_tta_tabs style=&#8221;modern&#8221; color=&#8221;white&#8221; spacing=&#8221;35&#8243; gap=&#8221;35&#8243; alignment=&#8221;center&#8221; active_section=&#8221;1&#8243; no_fill_content_area=&#8221;true&#8221;][vc_tta_section title=&#8221;<strong>DAT<\/strong>&#8221; tab_id=&#8221;1510693542406-e7766c3d-fd70&#8243;]<hr class=\"vertical-space1\">[vc_row_inner][vc_column_inner width=&#8221;1\/4&#8243;][\/vc_column_inner][vc_column_inner width=&#8221;1\/2&#8243;][vc_column_text]<strong><span lang=\"es-AR\">DAT.\u00a0<\/span><\/strong><span style=\"color: #222222;\"><span lang=\"es-AR\">Delivered At Terminal (named port)<\/span><\/span><span style=\"color: #222222;\"><span lang=\"es-AR\">\u00a0significa \u201c<\/span><\/span><span style=\"color: #222222;\"><span lang=\"es-AR\">entregado en terminal (puerto de destino convenido)\u201d.<\/span><\/span><\/p>\n<p><span style=\"color: #222222;\"><span lang=\"es-AR\">El Incoterm DAT se utiliza para todos los tipos de transporte. Es uno de los dos nuevos Incoterms 2010 con DAP y reemplaza el Incoterm DEQ.<\/span><\/span><\/p>\n<p><span style=\"color: #222222;\"><span lang=\"es-AR\">El vendedor se hace cargo de todos los costes, incluidos el transporte principal y el seguro (que no es obligatorio), hasta que la mercanc\u00eda es descargada en la terminal convenida. Tambi\u00e9n asume los riesgos hasta ese momento.<\/span><\/span><\/p>\n<p><span style=\"color: #222222;\"><span lang=\"es-AR\">El concepto terminal es bastante amplio e incluye terminales terrestres y mar\u00edtimas, puertos, aeropuertos, zonas francas, etc. Por ello es importante que se especifique claramente el lugar de entrega de la mercanc\u00eda y que este lugar coincida con el que se especifique en el contrato de transporte.<\/span><\/span><\/p>\n<p><span style=\"color: #222222;\"><span lang=\"es-AR\">El Incoterm DAT se utilizaba frecuentemente en el comercio internacional de graneles porque el punto de entrega coincide con las terminales de graneles de los puertos (en las versiones anteriores a Incoterms 2000, con el Incoterm DEQ, el pago de la aduana de importaci\u00f3n era a cargo del vendedor; en la versi\u00f3n actual, es por cuenta del comprador).<\/span><\/span>[\/vc_column_text][\/vc_column_inner][vc_column_inner width=&#8221;1\/4&#8243;][\/vc_column_inner][\/vc_row_inner][\/vc_tta_section][vc_tta_section title=&#8221;<strong>DAP<\/strong>&#8221; tab_id=&#8221;1510693543009-31b93e00-f808&#8243;]<hr class=\"vertical-space1\">[vc_row_inner][vc_column_inner width=&#8221;1\/4&#8243;][\/vc_column_inner][vc_column_inner width=&#8221;1\/2&#8243;][vc_column_text]<strong><span lang=\"es-AR\">DAP.<\/span><span style=\"color: #222222;\"><span lang=\"es-AR\">\u00a0<\/span><\/span><\/strong><span style=\"color: #222222;\"><span lang=\"es-AR\">Delivered At Place (named destination place)<\/span><\/span><span style=\"color: #222222;\"><span lang=\"es-AR\">\u00a0significa \u201centregado en un punto (lugar de destino convenido)\u201d.<\/span><\/span><\/p>\n<p><span style=\"color: #222222;\"><span lang=\"es-AR\">El Incoterm DAP se utiliza para todos los tipos de transporte. Es uno de los dos nuevos Incoterms 2010 con DAT. Reemplaza los Incoterms DAF, DDU y DES.<\/span><\/span><\/p>\n<p><span style=\"color: #222222;\"><span lang=\"es-AR\">El vendedor se hace cargo de todos los costes, incluidos el transporte principal y el seguro (que no es obligatorio), pero no de los costes asociados a la importaci\u00f3n, hasta que la mercanc\u00eda se ponga a disposici\u00f3n del comprador en un veh\u00edculo listo para ser descargado. Tambi\u00e9n asume los riesgos hasta ese momento.<\/span><\/span>[\/vc_column_text][\/vc_column_inner][vc_column_inner width=&#8221;1\/4&#8243;][\/vc_column_inner][\/vc_row_inner][\/vc_tta_section][vc_tta_section title=&#8221;<strong>DDP<\/strong>&#8221; tab_id=&#8221;1510693543635-1d5c5130-da3a&#8221;]<hr class=\"vertical-space1\">[vc_row_inner][vc_column_inner width=&#8221;1\/4&#8243;][\/vc_column_inner][vc_column_inner width=&#8221;1\/2&#8243;][vc_column_text]<span lang=\"es-AR\"><strong>DDP.<\/strong><b>\u00a0<\/b><\/span><span style=\"color: #222222;\"><span lang=\"es-AR\">Delivered Duty Paid (named destination place)<\/span><\/span><span style=\"color: #222222;\"><span lang=\"es-AR\">\u00a0significa \u201c<\/span><\/span><span style=\"color: #222222;\"><span lang=\"es-AR\">entregado con derechos pagados (lugar de destino convenido)\u201d.<\/span><\/span><\/p>\n<p><span style=\"color: #222222;\"><span lang=\"es-AR\">El vendedor paga todos los gastos hasta dejar la mercanc\u00eda en el punto convenido en el pa\u00eds de destino. El comprador no realiza ning\u00fan tipo de tr\u00e1mite. Los gastos de aduana de importaci\u00f3n son asumidos por el vendedor. <\/span><\/span><span style=\"color: #222222;\">El tipo de transporte es polivalente\/multimodal.<\/span>[\/vc_column_text][\/vc_column_inner][vc_column_inner width=&#8221;1\/4&#8243;][\/vc_column_inner][\/vc_row_inner][\/vc_tta_section][\/vc_tta_tabs]<hr class=\"vertical-space1\"><hr class=\"vertical-space4\">[\/vc_column][\/vc_row]<\/p>\n","protected":false},"excerpt":{"rendered":"<p>[vc_row][vc_column][vc_column_text] INCOTERMS [\/vc_column_text][vc_row_inner][vc_column_inner width=&#8221;1\/4&#8243;][\/vc_column_inner][vc_column_inner width=&#8221;1\/4&#8243;][\/vc_column_inner][vc_column_inner width=&#8221;1\/4&#8243;][\/vc_column_inner][vc_column_inner width=&#8221;1\/4&#8243;][\/vc_column_inner][\/vc_row_inner][\/vc_column][\/vc_row][vc_row row_type=&#8221;2&#8243; row_id=&#8221;grupoe&#8221; blox_bgcolor=&#8221;#f1f8fc&#8221;][vc_column][vc_column_text] GRUPO E Entrega directa a la salida [\/vc_column_text][vc_row_inner][vc_column_inner width=&#8221;1\/4&#8243;][\/vc_column_inner][vc_column_inner width=&#8221;1\/2&#8243;][vc_column_text]EXW.\u00a0Ex Works significa \u201cen f\u00e1brica (lugar convenido)\u201d. El vendedor pone mercanc\u00eda a disposici\u00f3n del comprador en sus propias instalaciones: f\u00e1brica, almac\u00e9n, etc. Todos los gastos a partir de ese momento son por cuenta del comprador. El Incoterm EXW se puede utilizar con cualquier tipo de transporte o con una combinaci\u00f3n de ellos (conocido como transporte multimodal). Es decir el proveedor se encarga de la log\u00edstica y el traslado necesario para que el comprador tenga el suministro del producto en el mismo lugar donde desempe\u00f1a la tarea productiva. Este Incoterm no sufri\u00f3 modificaci\u00f3n en relaci\u00f3n a los Incoterms a\u00f1o 2000.[\/vc_column_text][\/vc_column_inner][vc_column_inner width=&#8221;1\/4&#8243;][\/vc_column_inner][\/vc_row_inner][\/vc_column][\/vc_row][vc_row row_type=&#8221;2&#8243; row_id=&#8221;grupof&#8221; blox_bgcolor=&#8221;#ffffff&#8221;][vc_column][vc_column_text] GRUPO F Entrega indirecta, sin pago del transporte principal [\/vc_column_text][vc_tta_tabs style=&#8221;modern&#8221; color=&#8221;white&#8221; spacing=&#8221;35&#8243; gap=&#8221;35&#8243; alignment=&#8221;center&#8221; active_section=&#8221;1&#8243; no_fill_content_area=&#8221;true&#8221;][vc_tta_section title=&#8221;FAS&#8221; tab_id=&#8221;1510692646454-0cb7b37c-0d14&#8243;][vc_row_inner][vc_column_inner width=&#8221;1\/4&#8243;][\/vc_column_inner][vc_column_inner width=&#8221;1\/2&#8243;][vc_column_text]FAS. Free Alongside Ship (named loading port) significa \u201cLibre al costado del buque (puerto de carga convenido)\u201d. El vendedor entrega la mercanc\u00eda en el muelle pactado del\u00a0puerto\u00a0de carga convenido; esto es, al lado del barco. El Incoterm FAS es propio de mercanc\u00edas de\u00a0carga a granel\u00a0o de carga voluminosa porque se depositan en terminales del puerto especializadas, que est\u00e1n situadas en el muelle. El vendedor es responsable de las gestiones y costes de la aduana de exportaci\u00f3n (en las versiones anteriores a Incoterms 2000, el comprador organizaba el despacho aduanero de exportaci\u00f3n).[\/vc_column_text][\/vc_column_inner][vc_column_inner width=&#8221;1\/4&#8243;][\/vc_column_inner][\/vc_row_inner][\/vc_tta_section][vc_tta_section title=&#8221;FOB&#8221; tab_id=&#8221;1510693027661-f0ed12fd-e3aa&#8221;][vc_row_inner][vc_column_inner width=&#8221;1\/4&#8243;][\/vc_column_inner][vc_column_inner width=&#8221;1\/2&#8243;][vc_column_text]FOB. Free On Board (named loading port)\u00a0significa \u201cLibre a bordo (puerto de carga convenido)\u201d El vendedor entrega la mercanc\u00eda sobre el buque. El comprador se hace cargo de designar y reservar el transporte principal (buque). El Incoterm FOB es uno de los m\u00e1s usados en el\u00a0comercio internacional. Se debe utilizar para carga general (bidones, bobinas, contenedores, etc.) de mercanc\u00edas, no utilizable para granel&#8230;. <\/p>\n<p><a class=\"readmore\" href=\"http:\/\/dytsa.com.ar\/?page_id=10039\">Continue Reading<\/a><\/p>\n","protected":false},"author":1,"featured_media":0,"parent":0,"menu_order":0,"comment_status":"closed","ping_status":"closed","template":"","meta":{"footnotes":""},"class_list":["post-10039","page","type-page","status-publish","hentry"],"_links":{"self":[{"href":"http:\/\/dytsa.com.ar\/index.php?rest_route=\/wp\/v2\/pages\/10039"}],"collection":[{"href":"http:\/\/dytsa.com.ar\/index.php?rest_route=\/wp\/v2\/pages"}],"about":[{"href":"http:\/\/dytsa.com.ar\/index.php?rest_route=\/wp\/v2\/types\/page"}],"author":[{"embeddable":true,"href":"http:\/\/dytsa.com.ar\/index.php?rest_route=\/wp\/v2\/users\/1"}],"replies":[{"embeddable":true,"href":"http:\/\/dytsa.com.ar\/index.php?rest_route=%2Fwp%2Fv2%2Fcomments&post=10039"}],"version-history":[{"count":20,"href":"http:\/\/dytsa.com.ar\/index.php?rest_route=\/wp\/v2\/pages\/10039\/revisions"}],"predecessor-version":[{"id":10090,"href":"http:\/\/dytsa.com.ar\/index.php?rest_route=\/wp\/v2\/pages\/10039\/revisions\/10090"}],"wp:attachment":[{"href":"http:\/\/dytsa.com.ar\/index.php?rest_route=%2Fwp%2Fv2%2Fmedia&parent=10039"}],"curies":[{"name":"wp","href":"https:\/\/api.w.org\/{rel}","templated":true}]}}